{"id":114,"date":"2025-02-07T16:33:17","date_gmt":"2025-02-07T15:33:17","guid":{"rendered":"https:\/\/lacarlina.fr\/?page_id=114"},"modified":"2025-04-29T11:45:26","modified_gmt":"2025-04-29T09:45:26","slug":"acceuil","status":"publish","type":"page","link":"https:\/\/lacarlina.fr\/","title":{"rendered":"accueil"},"content":{"rendered":"\t\t<div data-elementor-type=\"wp-page\" data-elementor-id=\"114\" class=\"elementor elementor-114\" data-elementor-post-type=\"page\">\n\t\t\t\t<div class=\"elementor-element elementor-element-0b98d90 e-con-full e-flex e-con e-parent\" data-id=\"0b98d90\" data-element_type=\"container\" data-e-type=\"container\">\n\t\t\t\t<div class=\"elementor-element elementor-element-3bea786 elementor-widget elementor-widget-heading\" data-id=\"3bea786\" data-element_type=\"widget\" data-e-type=\"widget\" data-widget_type=\"heading.default\">\n\t\t\t\t<div class=\"elementor-widget-container\">\n\t\t\t\t\t<h1 class=\"elementor-heading-title elementor-size-default\">Bienvenue \u00e0 la Carlina<\/h1>\t\t\t\t<\/div>\n\t\t\t\t<\/div>\n\t\t\t\t<\/div>\n\t\t<div class=\"elementor-element elementor-element-4c85efa e-con-full e-flex e-con e-parent\" data-id=\"4c85efa\" data-element_type=\"container\" data-e-type=\"container\">\n\t\t<div class=\"elementor-element elementor-element-d60f4dd e-con-full e-flex e-con e-child\" data-id=\"d60f4dd\" data-element_type=\"container\" data-e-type=\"container\">\n\t\t\t\t<div class=\"elementor-element elementor-element-d9f46c0 elementor--h-position-center elementor--v-position-middle elementor-arrows-position-inside elementor-pagination-position-inside elementor-widget elementor-widget-slides\" data-id=\"d9f46c0\" data-element_type=\"widget\" data-e-type=\"widget\" data-settings=\"{&quot;navigation&quot;:&quot;both&quot;,&quot;autoplay&quot;:&quot;yes&quot;,&quot;pause_on_hover&quot;:&quot;yes&quot;,&quot;pause_on_interaction&quot;:&quot;yes&quot;,&quot;autoplay_speed&quot;:5000,&quot;infinite&quot;:&quot;yes&quot;,&quot;transition&quot;:&quot;slide&quot;,&quot;transition_speed&quot;:500}\" data-widget_type=\"slides.default\">\n\t\t\t\t<div class=\"elementor-widget-container\">\n\t\t\t\t\t\t\t\t\t<div class=\"elementor-swiper\">\n\t\t\t\t\t<div class=\"elementor-slides-wrapper elementor-main-swiper swiper\" role=\"region\" aria-roledescription=\"carousel\" aria-label=\"Slides\" dir=\"ltr\" data-animation=\"zoomIn\">\n\t\t\t\t<div class=\"swiper-wrapper elementor-slides\">\n\t\t\t\t\t\t\t\t\t\t<div class=\"elementor-repeater-item-3ea2a91 swiper-slide\" role=\"group\" aria-roledescription=\"slide\"><div class=\"swiper-slide-bg\" role=\"img\" aria-label=\"photo de pizza\"><\/div><a class=\"swiper-slide-inner\" href=\"https:\/\/lacarlina.fr\/index.php\/la-carte\/\" target=\"_blank\"><div class=\"swiper-slide-contents\"><div class=\"elementor-slide-heading\">Pizzas<\/div><div  class=\"elementor-button elementor-slide-button elementor-size-sm\">menu<\/div><\/div><\/a><\/div><div class=\"elementor-repeater-item-4f9fad1 swiper-slide\" role=\"group\" aria-roledescription=\"slide\"><div class=\"swiper-slide-bg\" role=\"img\" aria-label=\"photo lasagnes\"><\/div><a class=\"swiper-slide-inner\" href=\"https:\/\/lacarlina.fr\/index.php\/la-carte\/\" target=\"_blank\"><div class=\"swiper-slide-contents\"><div class=\"elementor-slide-heading\">Entr\u00e9es & plats<\/div><div  class=\"elementor-button elementor-slide-button elementor-size-sm\">menu<\/div><\/div><\/a><\/div><div class=\"elementor-repeater-item-c3446ab swiper-slide\" role=\"group\" aria-roledescription=\"slide\"><div class=\"swiper-slide-bg\" role=\"img\" aria-label=\"photo glaces\"><\/div><a class=\"swiper-slide-inner\" href=\"https:\/\/lacarlina.fr\/index.php\/la-carte\/\" target=\"_blank\"><div class=\"swiper-slide-contents\"><div class=\"elementor-slide-heading\">Desserts & glaces<\/div><div  class=\"elementor-button elementor-slide-button elementor-size-sm\">menu<\/div><\/div><\/a><\/div><div class=\"elementor-repeater-item-f97e51d swiper-slide\" role=\"group\" aria-roledescription=\"slide\"><div class=\"swiper-slide-bg\" role=\"img\" aria-label=\"Tiramisu\"><\/div><a class=\"swiper-slide-inner\" href=\"https:\/\/lacarlina.fr\/index.php\/la-carte\/\" target=\"_blank\"><div class=\"swiper-slide-contents\"><div class=\"elementor-slide-heading\">Desserts & glaces<\/div><div  class=\"elementor-button elementor-slide-button elementor-size-sm\">menu<\/div><\/div><\/a><\/div><div class=\"elementor-repeater-item-a8bb870 swiper-slide\" role=\"group\" aria-roledescription=\"slide\"><div class=\"swiper-slide-bg\" role=\"img\" aria-label=\"Plat\"><\/div><a class=\"swiper-slide-inner\" href=\"https:\/\/lacarlina.fr\/index.php\/la-carte\/\" target=\"_blank\"><div class=\"swiper-slide-contents\"><div class=\"elementor-slide-heading\">Entr\u00e9es & plats<\/div><div  class=\"elementor-button elementor-slide-button elementor-size-sm\">menu<\/div><\/div><\/a><\/div><div class=\"elementor-repeater-item-e44b445 swiper-slide\" role=\"group\" aria-roledescription=\"slide\"><div class=\"swiper-slide-bg\" role=\"img\" aria-label=\"Boissons\"><\/div><a class=\"swiper-slide-inner\" href=\"https:\/\/lacarlina.fr\/index.php\/la-carte\/\" target=\"_blank\"><div class=\"swiper-slide-contents\"><div class=\"elementor-slide-heading\">Boissons<\/div><div  class=\"elementor-button elementor-slide-button elementor-size-sm\">menu<\/div><\/div><\/a><\/div><div class=\"elementor-repeater-item-997aef5 swiper-slide\" role=\"group\" aria-roledescription=\"slide\"><div class=\"swiper-slide-bg\" role=\"img\" aria-label=\"cafe gourmand-ai (3)\"><\/div><a class=\"swiper-slide-inner\" href=\"https:\/\/lacarlina.fr\/index.php\/la-carte\/\" target=\"_blank\"><div class=\"swiper-slide-contents\"><div class=\"elementor-slide-heading\">Entr\u00e9es & plats<\/div><div  class=\"elementor-button elementor-slide-button elementor-size-sm\">menu<\/div><\/div><\/a><\/div><div class=\"elementor-repeater-item-e21e2db swiper-slide\" role=\"group\" aria-roledescription=\"slide\"><div class=\"swiper-slide-bg\" role=\"img\" aria-label=\"Salade\"><\/div><a class=\"swiper-slide-inner\" href=\"https:\/\/lacarlina.fr\/index.php\/la-carte\/\" target=\"_blank\"><div class=\"swiper-slide-contents\"><div class=\"elementor-slide-heading\">Salades<\/div><div  class=\"elementor-button elementor-slide-button elementor-size-sm\">menu<\/div><\/div><\/a><\/div><div class=\"elementor-repeater-item-acf66e7 swiper-slide\" role=\"group\" aria-roledescription=\"slide\"><div class=\"swiper-slide-bg\" role=\"img\" aria-label=\"Tartare de b\u0153uf\"><\/div><a class=\"swiper-slide-inner\" href=\"https:\/\/lacarlina.fr\/index.php\/la-carte\/\" target=\"_blank\"><div class=\"swiper-slide-contents\"><div class=\"elementor-slide-heading\">Entr\u00e9es et plats<\/div><div  class=\"elementor-button elementor-slide-button elementor-size-sm\">menu<\/div><\/div><\/a><\/div><div class=\"elementor-repeater-item-422e3cb swiper-slide\" role=\"group\" aria-roledescription=\"slide\"><div class=\"swiper-slide-bg\" role=\"img\" aria-label=\"Pates\"><\/div><a class=\"swiper-slide-inner\" href=\"https:\/\/lacarlina.fr\/index.php\/la-carte\/\" target=\"_blank\"><div class=\"swiper-slide-contents\"><div class=\"elementor-slide-heading\">Entr\u00e9es & plat<\/div><div  class=\"elementor-button elementor-slide-button elementor-size-sm\">menu<\/div><\/div><\/a><\/div><div class=\"elementor-repeater-item-79b1dbb swiper-slide\" role=\"group\" aria-roledescription=\"slide\"><div class=\"swiper-slide-bg\" role=\"img\" aria-label=\"chocolat li\u00e9geois\"><\/div><a class=\"swiper-slide-inner\" href=\"https:\/\/lacarlina.fr\/index.php\/la-carte\/\" target=\"_blank\"><div class=\"swiper-slide-contents\"><div class=\"elementor-slide-heading\">Desserts & glaces<\/div><div  class=\"elementor-button elementor-slide-button elementor-size-sm\">menu<\/div><\/div><\/a><\/div>\t\t\t\t<\/div>\n\t\t\t\t\t\t\t\t\t\t\t\t\t\t\t<div class=\"elementor-swiper-button elementor-swiper-button-prev\" role=\"button\" tabindex=\"0\" aria-label=\"Diapositive pr\u00e9c\u00e9dente\">\n\t\t\t\t\t\t\t<svg aria-hidden=\"true\" class=\"e-font-icon-svg e-eicon-chevron-left\" viewBox=\"0 0 1000 1000\" xmlns=\"http:\/\/www.w3.org\/2000\/svg\"><path d=\"M646 125C629 125 613 133 604 142L308 442C296 454 292 471 292 487 292 504 296 521 308 533L604 854C617 867 629 875 646 875 663 875 679 871 692 858 704 846 713 829 713 812 713 796 708 779 692 767L438 487 692 225C700 217 708 204 708 187 708 171 704 154 692 142 675 129 663 125 646 125Z\"><\/path><\/svg>\t\t\t\t\t\t<\/div>\n\t\t\t\t\t\t<div class=\"elementor-swiper-button elementor-swiper-button-next\" role=\"button\" tabindex=\"0\" aria-label=\"Diapositive suivante\">\n\t\t\t\t\t\t\t<svg aria-hidden=\"true\" class=\"e-font-icon-svg e-eicon-chevron-right\" viewBox=\"0 0 1000 1000\" xmlns=\"http:\/\/www.w3.org\/2000\/svg\"><path d=\"M696 533C708 521 713 504 713 487 713 471 708 454 696 446L400 146C388 133 375 125 354 125 338 125 325 129 313 142 300 154 292 171 292 187 292 204 296 221 308 233L563 492 304 771C292 783 288 800 288 817 288 833 296 850 308 863 321 871 338 875 354 875 371 875 388 867 400 854L696 533Z\"><\/path><\/svg>\t\t\t\t\t\t<\/div>\n\t\t\t\t\t\t\t\t\t\t\t\t\t\t\t\t<div class=\"swiper-pagination\"><\/div>\n\t\t\t\t\t\t\t\t\t\t\t\t<\/div>\n\t\t\t\t<\/div>\n\t\t\t\t\t\t\t\t<\/div>\n\t\t\t\t<\/div>\n\t\t\t\t<\/div>\n\t\t\t\t<\/div>\n\t\t<div class=\"elementor-element elementor-element-8db53d9 e-flex e-con-boxed e-con e-parent\" data-id=\"8db53d9\" data-element_type=\"container\" data-e-type=\"container\">\n\t\t\t\t\t<div class=\"e-con-inner\">\n\t\t\t\t<div class=\"elementor-element elementor-element-725be54 elementor-widget elementor-widget-text-editor\" data-id=\"725be54\" data-element_type=\"widget\" data-e-type=\"widget\" data-widget_type=\"text-editor.default\">\n\t\t\t\t<div class=\"elementor-widget-container\">\n\t\t\t\t\t\t\t\t\t<p><span style=\"font-style: inherit; font-weight: inherit; color: var( --e-global-color-text ); font-family: var( --e-global-typography-secondary-font-family ), Sans-serif; text-transform: var( --e-global-typography-secondary-text-transform ); text-align: var(--text-align);\">Situ\u00e9 au bord de la Seine, venez d\u00e9couvrir la Carlina, un&nbsp;restaurant ouvert depuis 1989, proposant une cuisine fran\u00e7aise et&nbsp;italienne.&nbsp;<\/span><span style=\"font-style: inherit; font-weight: inherit; color: var( --e-global-color-text ); font-family: var( --e-global-typography-text-font-family ), Sans-serif; text-transform: var( --e-global-typography-text-text-transform ); text-align: var(--text-align);\"><br>D\u00e8s les beaux jours, ne manquez pas notre guinguette au bord de la&nbsp;<\/span><span style=\"font-style: inherit; font-weight: inherit; color: var( --e-global-color-text ); font-family: var( --e-global-typography-text-font-family ), Sans-serif; text-transform: var( --e-global-typography-text-text-transform ); text-align: var(--text-align);\">Seine. Profitez de notre terrasse ensoleill\u00e9e avec un menu adapt\u00e9 \u00e0 la saison,&nbsp;<\/span><span style=\"font-style: inherit; font-weight: inherit; color: var( --e-global-color-text ); font-family: var( --e-global-typography-text-font-family ), Sans-serif; text-transform: var( --e-global-typography-text-text-transform ); text-align: var(--text-align);\">ainsi que des encas et des boissons rafra\u00eechissantes.&nbsp;<br><\/span><span style=\"font-style: inherit; font-weight: inherit; color: var( --e-global-color-text ); font-family: var( --e-global-typography-text-font-family ), Sans-serif; text-transform: var( --e-global-typography-text-text-transform ); text-align: var(--text-align);\">Des soir\u00e9es musicales sont r\u00e9guli\u00e8rement organis\u00e9es pour&nbsp;<\/span><span style=\"font-style: inherit; font-weight: inherit; color: var( --e-global-color-text ); font-family: var( --e-global-typography-text-font-family ), Sans-serif; text-transform: var( --e-global-typography-text-text-transform ); text-align: var(--text-align);\">animer vos soir\u00e9es.<br><\/span><span style=\"font-style: inherit; font-weight: inherit; color: var( --e-global-color-text ); font-family: var( --e-global-typography-text-font-family ), Sans-serif; text-transform: var( --e-global-typography-text-text-transform ); text-align: var(--text-align);\">N&rsquo;h\u00e9sitez pas \u00e0 aller visiter la rubrique&nbsp;<\/span><span style=\"font-style: inherit; font-weight: inherit; color: var( --e-global-color-text ); font-family: var( --e-global-typography-text-font-family ), Sans-serif; text-transform: var( --e-global-typography-text-text-transform ); text-align: var(--text-align);\">\u00ab\u00a0<\/span><strong><span style=\"color: #000000;\"><a style=\"font-style: inherit; font-weight: inherit; font-family: var( --e-global-typography-text-font-family ), Sans-serif; text-transform: var( --e-global-typography-text-text-transform ); text-align: var(--text-align); background-color: #eae8dd; color: #000000;\" href=\"https:\/\/lacarlina.fr\/index.php\/evenements\/\" target=\"_blank\" rel=\"noopener\">\u00e9v\u00e9nements<\/a><\/span><\/strong><span style=\"font-style: inherit; font-weight: inherit; color: var( --e-global-color-text ); font-family: var( --e-global-typography-text-font-family ), Sans-serif; text-transform: var( --e-global-typography-text-text-transform ); text-align: var(--text-align);\">\u00a0\u00bb pour conna\u00eetre&nbsp;les prochaines soir\u00e9es.&nbsp;<br><\/span><span style=\"font-style: inherit; font-weight: inherit; color: var( --e-global-color-text ); font-family: var( --e-global-typography-text-font-family ), Sans-serif; text-transform: var( --e-global-typography-text-text-transform ); text-align: var(--text-align);\">Pas le temps de sortir ? Pas de probl\u00e8me, la Carlina est&nbsp;<\/span><span style=\"font-style: inherit; font-weight: inherit; color: var( --e-global-color-text ); font-family: var( --e-global-typography-text-font-family ), Sans-serif; text-transform: var( --e-global-typography-text-text-transform ); text-align: var(--text-align);\">\u00e9galement sur&nbsp;<\/span><a style=\"font-style: inherit; font-weight: inherit; font-family: var( --e-global-typography-text-font-family ), Sans-serif; text-transform: var( --e-global-typography-text-text-transform ); text-align: var(--text-align); background-color: #eae8dd; color: #000000; outline: 0px;\" href=\"https:\/\/www.ubereats.com\/fr\/store\/la-carlina\/AcbAE5xLWhWt_hT25btGyA?srsltid=AfmBOopGG3lMUBSVBhj14peXAnK6gk6HaSW2nbTPGmUqG_pJ9rGZKfDK\" target=\"_blank\" rel=\"noopener\"><span style=\"font-weight: bold;\">Uber Eats<\/span><\/a><span style=\"font-style: inherit; font-weight: inherit; color: var( --e-global-color-text ); font-family: var( --e-global-typography-text-font-family ), Sans-serif; text-transform: var( --e-global-typography-text-text-transform ); text-align: var(--text-align);\">. Commandez vos plats pr\u00e9f\u00e9r\u00e9s depuis le confort de&nbsp;<\/span><span style=\"font-style: inherit; font-weight: inherit; color: var( --e-global-color-text ); font-family: var( --e-global-typography-text-font-family ), Sans-serif; text-transform: var( --e-global-typography-text-text-transform ); text-align: var(--text-align);\">votre maison ! La Carlina propose \u00e9galement un service de plats et pizzas \u00e0&nbsp;<\/span><span style=\"font-style: inherit; font-weight: inherit; color: var( --e-global-color-text ); font-family: var( --e-global-typography-text-font-family ), Sans-serif; text-transform: var( --e-global-typography-text-text-transform ); text-align: var(--text-align);\">emporter.&nbsp;<br><\/span><\/p>\t\t\t\t\t\t\t\t<\/div>\n\t\t\t\t<\/div>\n\t\t\t\t\t<\/div>\n\t\t\t\t<\/div>\n\t\t<div class=\"elementor-element elementor-element-661a0d1 e-con-full e-flex e-con e-parent\" data-id=\"661a0d1\" data-element_type=\"container\" data-e-type=\"container\">\n\t\t\t\t<div class=\"elementor-element elementor-element-6e08edc elementor-widget elementor-widget-heading\" data-id=\"6e08edc\" data-element_type=\"widget\" data-e-type=\"widget\" data-widget_type=\"heading.default\">\n\t\t\t\t<div class=\"elementor-widget-container\">\n\t\t\t\t\t<h2 class=\"elementor-heading-title elementor-size-default\">A tr\u00e8s bient\u00f4t chez La Carlina<\/h2>\t\t\t\t<\/div>\n\t\t\t\t<\/div>\n\t\t\t\t<\/div>\n\t\t<div class=\"elementor-element elementor-element-bc9dbe8 e-con-full e-flex e-con e-parent\" data-id=\"bc9dbe8\" data-element_type=\"container\" data-e-type=\"container\">\n\t\t\t\t<\/div>\n\t\t\t\t<\/div>\n\t\t","protected":false},"excerpt":{"rendered":"<p>Bienvenue \u00e0 la Carlina PizzasmenuEntr\u00e9es &#038; platsmenuDesserts &#038; glacesmenuDesserts &#038; glacesmenuEntr\u00e9es &#038; platsmenuBoissonsmenuEntr\u00e9es &#038; platsmenuSaladesmenuEntr\u00e9es et platsmenuEntr\u00e9es &#038; platmenuDesserts &#038; [&hellip;]<\/p>\n","protected":false},"author":1,"featured_media":0,"parent":0,"menu_order":0,"comment_status":"closed","ping_status":"closed","template":"elementor_header_footer","meta":{"site-sidebar-layout":"no-sidebar","site-content-layout":"","ast-site-content-layout":"full-width-container","site-content-style":"default","site-sidebar-style":"default","ast-global-header-display":"","ast-banner-title-visibility":"","ast-main-header-display":"","ast-hfb-above-header-display":"","ast-hfb-below-header-display":"","ast-hfb-mobile-header-display":"","site-post-title":"disabled","ast-breadcrumbs-content":"","ast-featured-img":"disabled","footer-sml-layout":"","ast-disable-related-posts":"","theme-transparent-header-meta":"","adv-header-id-meta":"","stick-header-meta":"","header-above-stick-meta":"","header-main-stick-meta":"","header-below-stick-meta":"","astra-migrate-meta-layouts":"default","ast-page-background-enabled":"default","ast-page-background-meta":{"desktop":{"background-color":"var(--ast-global-color-5)","background-image":"","background-repeat":"repeat","background-position":"center center","background-size":"auto","background-attachment":"scroll","background-type":"","background-media":"","overlay-type":"","overlay-color":"","overlay-opacity":"","overlay-gradient":""},"tablet":{"background-color":"","background-image":"","background-repeat":"repeat","background-position":"center center","background-size":"auto","background-attachment":"scroll","background-type":"","background-media":"","overlay-type":"","overlay-color":"","overlay-opacity":"","overlay-gradient":""},"mobile":{"background-color":"","background-image":"","background-repeat":"repeat","background-position":"center center","background-size":"auto","background-attachment":"scroll","background-type":"","background-media":"","overlay-type":"","overlay-color":"","overlay-opacity":"","overlay-gradient":""}},"ast-content-background-meta":{"desktop":{"background-color":"var(--ast-global-color-4)","background-image":"","background-repeat":"repeat","background-position":"center center","background-size":"auto","background-attachment":"scroll","background-type":"","background-media":"","overlay-type":"","overlay-color":"","overlay-opacity":"","overlay-gradient":""},"tablet":{"background-color":"var(--ast-global-color-4)","background-image":"","background-repeat":"repeat","background-position":"center center","background-size":"auto","background-attachment":"scroll","background-type":"","background-media":"","overlay-type":"","overlay-color":"","overlay-opacity":"","overlay-gradient":""},"mobile":{"background-color":"var(--ast-global-color-4)","background-image":"","background-repeat":"repeat","background-position":"center center","background-size":"auto","background-attachment":"scroll","background-type":"","background-media":"","overlay-type":"","overlay-color":"","overlay-opacity":"","overlay-gradient":""}},"footnotes":""},"class_list":["post-114","page","type-page","status-publish","hentry"],"_links":{"self":[{"href":"https:\/\/lacarlina.fr\/index.php\/wp-json\/wp\/v2\/pages\/114","targetHints":{"allow":["GET"]}}],"collection":[{"href":"https:\/\/lacarlina.fr\/index.php\/wp-json\/wp\/v2\/pages"}],"about":[{"href":"https:\/\/lacarlina.fr\/index.php\/wp-json\/wp\/v2\/types\/page"}],"author":[{"embeddable":true,"href":"https:\/\/lacarlina.fr\/index.php\/wp-json\/wp\/v2\/users\/1"}],"replies":[{"embeddable":true,"href":"https:\/\/lacarlina.fr\/index.php\/wp-json\/wp\/v2\/comments?post=114"}],"version-history":[{"count":182,"href":"https:\/\/lacarlina.fr\/index.php\/wp-json\/wp\/v2\/pages\/114\/revisions"}],"predecessor-version":[{"id":1816,"href":"https:\/\/lacarlina.fr\/index.php\/wp-json\/wp\/v2\/pages\/114\/revisions\/1816"}],"wp:attachment":[{"href":"https:\/\/lacarlina.fr\/index.php\/wp-json\/wp\/v2\/media?parent=114"}],"curies":[{"name":"wp","href":"https:\/\/api.w.org\/{rel}","templated":true}]}}